{"id":27,"date":"2016-03-15T14:17:56","date_gmt":"2016-03-15T14:17:56","guid":{"rendered":"http:\/\/www.domoti.com\/?page_id=27"},"modified":"2016-05-08T10:33:26","modified_gmt":"2016-05-08T10:33:26","slug":"que-es-la-domotica","status":"publish","type":"page","link":"https:\/\/www.domoti.com\/ca\/que-es-la-domotica\/","title":{"rendered":"Qu\u00e8 \u00e9s la dom\u00f2tica"},"content":{"rendered":"<p class=\"qtranxs-available-languages-message qtranxs-available-languages-message-ca\">Ho sentim. Aquest text nom\u00e9s es troba en <a href=\"https:\/\/www.domoti.com\/en\/wp-json\/wp\/v2\/pages\/27\" class=\"qtranxs-available-language-link qtranxs-available-language-link-en\" title=\"English\">English<\/a>, <a href=\"https:\/\/www.domoti.com\/de\/wp-json\/wp\/v2\/pages\/27\" class=\"qtranxs-available-language-link qtranxs-available-language-link-de\" title=\"Deutsch\">Deutsch<\/a> y <a href=\"https:\/\/www.domoti.com\/es\/wp-json\/wp\/v2\/pages\/27\" class=\"qtranxs-available-language-link qtranxs-available-language-link-es\" title=\"Espa\u00f1ol\">Espa\u00f1ol<\/a>.<\/p>","protected":false},"excerpt":{"rendered":"<p>Ho sentim. Aquest text nom\u00e9s es troba en English, Deutsch y Espa\u00f1ol.<\/p>\n","protected":false},"author":1,"featured_media":0,"parent":0,"menu_order":0,"comment_status":"closed","ping_status":"closed","template":"","meta":{"_monsterinsights_skip_tracking":false,"_monsterinsights_sitenote_active":false,"_monsterinsights_sitenote_note":"","_monsterinsights_sitenote_category":0,"footnotes":""},"class_list":["post-27","page","type-page","status-publish","hentry"],"yoast_head":"<!-- This site is optimized with the Yoast SEO plugin v27.1.1 - https:\/\/yoast.com\/product\/yoast-seo-wordpress\/ -->\n<title>Qu\u00e8 \u00e9s la dom\u00f2tica - domoti<\/title>\n<meta name=\"robots\" content=\"index, follow, max-snippet:-1, max-image-preview:large, max-video-preview:-1\" \/>\n<link rel=\"canonical\" href=\"https:\/\/www.domoti.com\/que-es-la-domotica\/\" \/>\n<meta property=\"og:locale\" content=\"ca_ES\" \/>\n<meta property=\"og:type\" content=\"article\" \/>\n<meta property=\"og:title\" content=\"Qu\u00e8 \u00e9s la dom\u00f2tica - domoti\" \/>\n<meta property=\"og:description\" content=\"Ho sentim. Aquest text nom\u00e9s es troba en English, Deutsch y Espa\u00f1ol.\" \/>\n<meta property=\"og:url\" content=\"https:\/\/www.domoti.com\/que-es-la-domotica\/\" \/>\n<meta property=\"og:site_name\" content=\"domoti\" \/>\n<meta property=\"article:modified_time\" content=\"2016-05-08T10:33:26+00:00\" \/>\n<meta name=\"twitter:card\" content=\"summary_large_image\" \/>\n<script type=\"application\/ld+json\" class=\"yoast-schema-graph\">{\"@context\":\"https:\/\/schema.org\",\"@graph\":[{\"@type\":\"WebPage\",\"@id\":\"https:\/\/www.domoti.com\/que-es-la-domotica\/\",\"url\":\"https:\/\/www.domoti.com\/que-es-la-domotica\/\",\"name\":\"Qu\u00e8 \u00e9s la dom\u00f2tica - domoti\",\"isPartOf\":{\"@id\":\"https:\/\/www.domoti.com\/#website\"},\"datePublished\":\"2016-03-15T14:17:56+00:00\",\"dateModified\":\"2016-05-08T10:33:26+00:00\",\"breadcrumb\":{\"@id\":\"https:\/\/www.domoti.com\/que-es-la-domotica\/#breadcrumb\"},\"inLanguage\":\"ca-ES\",\"potentialAction\":[{\"@type\":\"ReadAction\",\"target\":[\"https:\/\/www.domoti.com\/que-es-la-domotica\/\"]}]},{\"@type\":\"BreadcrumbList\",\"@id\":\"https:\/\/www.domoti.com\/que-es-la-domotica\/#breadcrumb\",\"itemListElement\":[{\"@type\":\"ListItem\",\"position\":1,\"name\":\"Home\",\"item\":\"https:\/\/www.domoti.com\/\"},{\"@type\":\"ListItem\",\"position\":2,\"name\":\"What is home automation\"}]},{\"@type\":\"WebSite\",\"@id\":\"https:\/\/www.domoti.com\/#website\",\"url\":\"https:\/\/www.domoti.com\/\",\"name\":\"domoti\",\"description\":\"sistemas per la dom\u00f2tica\",\"potentialAction\":[{\"@type\":\"SearchAction\",\"target\":{\"@type\":\"EntryPoint\",\"urlTemplate\":\"https:\/\/www.domoti.com\/?s={search_term_string}\"},\"query-input\":{\"@type\":\"PropertyValueSpecification\",\"valueRequired\":true,\"valueName\":\"search_term_string\"}}],\"inLanguage\":\"ca-ES\"}]}<\/script>\n<!-- \/ Yoast SEO plugin. -->","yoast_head_json":{"title":"Qu\u00e8 \u00e9s la dom\u00f2tica - domoti","robots":{"index":"index","follow":"follow","max-snippet":"max-snippet:-1","max-image-preview":"max-image-preview:large","max-video-preview":"max-video-preview:-1"},"canonical":"https:\/\/www.domoti.com\/que-es-la-domotica\/","og_locale":"ca_ES","og_type":"article","og_title":"Qu\u00e8 \u00e9s la dom\u00f2tica - domoti","og_description":"Ho sentim. Aquest text nom\u00e9s es troba en English, Deutsch y Espa\u00f1ol.","og_url":"https:\/\/www.domoti.com\/que-es-la-domotica\/","og_site_name":"domoti","article_modified_time":"2016-05-08T10:33:26+00:00","twitter_card":"summary_large_image","schema":{"@context":"https:\/\/schema.org","@graph":[{"@type":"WebPage","@id":"https:\/\/www.domoti.com\/que-es-la-domotica\/","url":"https:\/\/www.domoti.com\/que-es-la-domotica\/","name":"Qu\u00e8 \u00e9s la dom\u00f2tica - domoti","isPartOf":{"@id":"https:\/\/www.domoti.com\/#website"},"datePublished":"2016-03-15T14:17:56+00:00","dateModified":"2016-05-08T10:33:26+00:00","breadcrumb":{"@id":"https:\/\/www.domoti.com\/que-es-la-domotica\/#breadcrumb"},"inLanguage":"ca-ES","potentialAction":[{"@type":"ReadAction","target":["https:\/\/www.domoti.com\/que-es-la-domotica\/"]}]},{"@type":"BreadcrumbList","@id":"https:\/\/www.domoti.com\/que-es-la-domotica\/#breadcrumb","itemListElement":[{"@type":"ListItem","position":1,"name":"Home","item":"https:\/\/www.domoti.com\/"},{"@type":"ListItem","position":2,"name":"What is home automation"}]},{"@type":"WebSite","@id":"https:\/\/www.domoti.com\/#website","url":"https:\/\/www.domoti.com\/","name":"domoti","description":"sistemas per la dom\u00f2tica","potentialAction":[{"@type":"SearchAction","target":{"@type":"EntryPoint","urlTemplate":"https:\/\/www.domoti.com\/?s={search_term_string}"},"query-input":{"@type":"PropertyValueSpecification","valueRequired":true,"valueName":"search_term_string"}}],"inLanguage":"ca-ES"}]}},"_links":{"self":[{"href":"https:\/\/www.domoti.com\/ca\/wp-json\/wp\/v2\/pages\/27","targetHints":{"allow":["GET"]}}],"collection":[{"href":"https:\/\/www.domoti.com\/ca\/wp-json\/wp\/v2\/pages"}],"about":[{"href":"https:\/\/www.domoti.com\/ca\/wp-json\/wp\/v2\/types\/page"}],"author":[{"embeddable":true,"href":"https:\/\/www.domoti.com\/ca\/wp-json\/wp\/v2\/users\/1"}],"replies":[{"embeddable":true,"href":"https:\/\/www.domoti.com\/ca\/wp-json\/wp\/v2\/comments?post=27"}],"version-history":[{"count":2,"href":"https:\/\/www.domoti.com\/ca\/wp-json\/wp\/v2\/pages\/27\/revisions"}],"predecessor-version":[{"id":70,"href":"https:\/\/www.domoti.com\/ca\/wp-json\/wp\/v2\/pages\/27\/revisions\/70"}],"wp:attachment":[{"href":"https:\/\/www.domoti.com\/ca\/wp-json\/wp\/v2\/media?parent=27"}],"curies":[{"name":"wp","href":"https:\/\/api.w.org\/{rel}","templated":true}]}}